{"id":13,"date":"2025-07-25T12:47:47","date_gmt":"2025-07-25T10:47:47","guid":{"rendered":"http:\/\/motyka.bobowa.pl\/?page_id=13"},"modified":"2025-07-25T14:52:30","modified_gmt":"2025-07-25T12:52:30","slug":"meble-drewniane","status":"publish","type":"page","link":"https:\/\/motyka.bobowa.pl\/","title":{"rendered":"Meble drewniane"},"content":{"rendered":"\n<div class=\"wp-block-group alignfull has-accent-background-color has-background has-global-padding is-layout-constrained wp-container-core-group-is-layout-669513ed wp-block-group-is-layout-constrained\" style=\"margin-top:0;margin-bottom:0;padding-top:var(--wp--preset--spacing--50);padding-right:var(--wp--preset--spacing--50);padding-bottom:var(--wp--preset--spacing--50);padding-left:var(--wp--preset--spacing--50)\">\n<div class=\"wp-block-columns alignwide is-layout-flex wp-container-core-columns-is-layout-1da03c2a wp-block-columns-is-layout-flex\">\n<div class=\"wp-block-column is-vertically-aligned-stretch is-layout-flow wp-block-column-is-layout-flow\" style=\"flex-basis:50%\">\n<div class=\"wp-block-group is-vertical is-content-justification-stretch is-layout-flex wp-container-core-group-is-layout-444d5ee8 wp-block-group-is-layout-flex\" style=\"min-height:100%\">\n<p class=\"has-heading-font-family has-x-large-font-size\" style=\"line-height:1.2\">Witryna d\u0119bowa z motywami my\u015bliwskimi, witra\u017cami i pod\u015bwietleniem LED<\/p>\n<\/div>\n<\/div>\n\n\n\n<div class=\"wp-block-column is-vertically-aligned-center is-layout-flow wp-block-column-is-layout-flow\" style=\"flex-basis:50%\">\n<figure class=\"wp-block-image size-full is-style-rounded is-style-rounded--1\"><img loading=\"lazy\" decoding=\"async\" width=\"977\" height=\"1024\" src=\"http:\/\/motyka.bobowa.pl\/wp-content\/uploads\/2025\/07\/DSC_3721.jpg\" alt=\"\" class=\"wp-image-16\" style=\"aspect-ratio:3\/4;object-fit:cover\" srcset=\"https:\/\/motyka.bobowa.pl\/wp-content\/uploads\/2025\/07\/DSC_3721.jpg 977w, https:\/\/motyka.bobowa.pl\/wp-content\/uploads\/2025\/07\/DSC_3721-286x300.jpg 286w, https:\/\/motyka.bobowa.pl\/wp-content\/uploads\/2025\/07\/DSC_3721-768x805.jpg 768w\" sizes=\"auto, (max-width: 977px) 100vw, 977px\" \/><\/figure>\n<\/div>\n<\/div>\n<\/div>\n\n\n\n<figure class=\"wp-block-gallery has-nested-images columns-3 is-cropped wp-block-gallery-2 is-layout-flex wp-block-gallery-is-layout-flex\">\n<figure class=\"wp-block-image size-large\"><a href=\"http:\/\/motyka.bobowa.pl\/wp-content\/uploads\/2025\/07\/DSC_3726.jpg\"><img loading=\"lazy\" decoding=\"async\" width=\"680\" height=\"1024\" data-id=\"19\" src=\"http:\/\/motyka.bobowa.pl\/wp-content\/uploads\/2025\/07\/DSC_3726.jpg\" alt=\"\" class=\"wp-image-19\" srcset=\"https:\/\/motyka.bobowa.pl\/wp-content\/uploads\/2025\/07\/DSC_3726.jpg 680w, https:\/\/motyka.bobowa.pl\/wp-content\/uploads\/2025\/07\/DSC_3726-199x300.jpg 199w\" sizes=\"auto, (max-width: 680px) 100vw, 680px\" \/><\/a><\/figure>\n\n\n\n<figure class=\"wp-block-image size-large\"><a href=\"http:\/\/motyka.bobowa.pl\/wp-content\/uploads\/2025\/07\/DSC_3728.jpg\"><img loading=\"lazy\" decoding=\"async\" width=\"1024\" height=\"943\" data-id=\"20\" src=\"http:\/\/motyka.bobowa.pl\/wp-content\/uploads\/2025\/07\/DSC_3728.jpg\" alt=\"\" class=\"wp-image-20\" srcset=\"https:\/\/motyka.bobowa.pl\/wp-content\/uploads\/2025\/07\/DSC_3728.jpg 1024w, https:\/\/motyka.bobowa.pl\/wp-content\/uploads\/2025\/07\/DSC_3728-300x276.jpg 300w, https:\/\/motyka.bobowa.pl\/wp-content\/uploads\/2025\/07\/DSC_3728-768x707.jpg 768w\" sizes=\"auto, (max-width: 1024px) 100vw, 1024px\" \/><\/a><\/figure>\n\n\n\n<figure class=\"wp-block-image size-large\"><a href=\"http:\/\/motyka.bobowa.pl\/wp-content\/uploads\/2025\/07\/DSC_3725.jpg\"><img loading=\"lazy\" decoding=\"async\" width=\"680\" height=\"1024\" data-id=\"18\" src=\"http:\/\/motyka.bobowa.pl\/wp-content\/uploads\/2025\/07\/DSC_3725.jpg\" alt=\"\" class=\"wp-image-18\" srcset=\"https:\/\/motyka.bobowa.pl\/wp-content\/uploads\/2025\/07\/DSC_3725.jpg 680w, https:\/\/motyka.bobowa.pl\/wp-content\/uploads\/2025\/07\/DSC_3725-199x300.jpg 199w\" sizes=\"auto, (max-width: 680px) 100vw, 680px\" \/><\/a><\/figure>\n\n\n\n<figure class=\"wp-block-image size-large\"><a href=\"http:\/\/motyka.bobowa.pl\/wp-content\/uploads\/2025\/07\/DSC_3723.jpg\"><img loading=\"lazy\" decoding=\"async\" width=\"1024\" height=\"839\" data-id=\"17\" src=\"http:\/\/motyka.bobowa.pl\/wp-content\/uploads\/2025\/07\/DSC_3723.jpg\" alt=\"\" class=\"wp-image-17\" srcset=\"https:\/\/motyka.bobowa.pl\/wp-content\/uploads\/2025\/07\/DSC_3723.jpg 1024w, https:\/\/motyka.bobowa.pl\/wp-content\/uploads\/2025\/07\/DSC_3723-300x246.jpg 300w, https:\/\/motyka.bobowa.pl\/wp-content\/uploads\/2025\/07\/DSC_3723-768x629.jpg 768w\" sizes=\"auto, (max-width: 1024px) 100vw, 1024px\" \/><\/a><\/figure>\n\n\n\n<figure class=\"wp-block-image size-large\"><a href=\"http:\/\/motyka.bobowa.pl\/wp-content\/uploads\/2025\/07\/DSC_3720.jpg\"><img loading=\"lazy\" decoding=\"async\" width=\"1004\" height=\"1024\" data-id=\"15\" src=\"http:\/\/motyka.bobowa.pl\/wp-content\/uploads\/2025\/07\/DSC_3720.jpg\" alt=\"\" class=\"wp-image-15\" srcset=\"https:\/\/motyka.bobowa.pl\/wp-content\/uploads\/2025\/07\/DSC_3720.jpg 1004w, https:\/\/motyka.bobowa.pl\/wp-content\/uploads\/2025\/07\/DSC_3720-294x300.jpg 294w, https:\/\/motyka.bobowa.pl\/wp-content\/uploads\/2025\/07\/DSC_3720-768x783.jpg 768w\" sizes=\"auto, (max-width: 1004px) 100vw, 1004px\" \/><\/a><\/figure>\n\n\n\n<figure class=\"wp-block-image size-large\"><a href=\"http:\/\/motyka.bobowa.pl\/wp-content\/uploads\/2025\/07\/DSC_3721.jpg\"><img loading=\"lazy\" decoding=\"async\" width=\"977\" height=\"1024\" data-id=\"16\" src=\"http:\/\/motyka.bobowa.pl\/wp-content\/uploads\/2025\/07\/DSC_3721.jpg\" alt=\"\" class=\"wp-image-16\" srcset=\"https:\/\/motyka.bobowa.pl\/wp-content\/uploads\/2025\/07\/DSC_3721.jpg 977w, https:\/\/motyka.bobowa.pl\/wp-content\/uploads\/2025\/07\/DSC_3721-286x300.jpg 286w, https:\/\/motyka.bobowa.pl\/wp-content\/uploads\/2025\/07\/DSC_3721-768x805.jpg 768w\" sizes=\"auto, (max-width: 977px) 100vw, 977px\" \/><\/a><\/figure>\n\n\n\n<figure class=\"wp-block-image size-large\"><a href=\"http:\/\/motyka.bobowa.pl\/wp-content\/uploads\/2025\/07\/DSC_3719.jpg\"><img loading=\"lazy\" decoding=\"async\" width=\"1004\" height=\"1024\" data-id=\"14\" src=\"http:\/\/motyka.bobowa.pl\/wp-content\/uploads\/2025\/07\/DSC_3719.jpg\" alt=\"\" class=\"wp-image-14\" srcset=\"https:\/\/motyka.bobowa.pl\/wp-content\/uploads\/2025\/07\/DSC_3719.jpg 1004w, https:\/\/motyka.bobowa.pl\/wp-content\/uploads\/2025\/07\/DSC_3719-294x300.jpg 294w, https:\/\/motyka.bobowa.pl\/wp-content\/uploads\/2025\/07\/DSC_3719-768x783.jpg 768w\" sizes=\"auto, (max-width: 1004px) 100vw, 1004px\" \/><\/a><\/figure>\n<\/figure>\n\n\n\n<div class=\"wp-block-group alignfull has-accent-5-background-color has-background has-global-padding is-layout-constrained wp-container-core-group-is-layout-d89aad35 wp-block-group-is-layout-constrained\" style=\"margin-top:0;margin-bottom:0;padding-top:var(--wp--preset--spacing--50);padding-right:var(--wp--preset--spacing--50);padding-bottom:var(--wp--preset--spacing--50);padding-left:var(--wp--preset--spacing--50)\">\n<div class=\"wp-block-columns alignwide is-layout-flex wp-container-core-columns-is-layout-1da03c2a wp-block-columns-is-layout-flex\">\n<div class=\"wp-block-column is-vertically-aligned-center is-layout-flow wp-block-column-is-layout-flow\" style=\"flex-basis:60%\">\n<figure class=\"wp-block-image size-full is-style-rounded wp-duotone-unset-4 is-style-rounded--3\"><img loading=\"lazy\" decoding=\"async\" width=\"680\" height=\"1024\" src=\"http:\/\/motyka.bobowa.pl\/wp-content\/uploads\/2025\/07\/DSC_3396.jpg\" alt=\"\" class=\"wp-image-35\" style=\"aspect-ratio:4\/3;object-fit:cover\" srcset=\"https:\/\/motyka.bobowa.pl\/wp-content\/uploads\/2025\/07\/DSC_3396.jpg 680w, https:\/\/motyka.bobowa.pl\/wp-content\/uploads\/2025\/07\/DSC_3396-199x300.jpg 199w\" sizes=\"auto, (max-width: 680px) 100vw, 680px\" \/><\/figure>\n<\/div>\n\n\n\n<div class=\"wp-block-column is-layout-flow wp-block-column-is-layout-flow\" style=\"flex-basis:40%\">\n<h2 class=\"wp-block-heading\">Szafki, komody<\/h2>\n\n\n\n<p><\/p>\n\n\n\n<div class=\"wp-block-buttons is-layout-flex wp-block-buttons-is-layout-flex\"><\/div>\n<\/div>\n<\/div>\n\n\n\n<figure class=\"wp-block-gallery has-nested-images columns-default is-cropped wp-block-gallery-5 is-layout-flex wp-block-gallery-is-layout-flex\">\n<figure class=\"wp-block-image size-large\"><a href=\"https:\/\/motyka.bobowa.pl\/wp-content\/uploads\/2025\/07\/DSC_3396-2.jpg\"><img loading=\"lazy\" decoding=\"async\" width=\"683\" height=\"1024\" data-id=\"36\" src=\"https:\/\/motyka.bobowa.pl\/wp-content\/uploads\/2025\/07\/DSC_3396-2.jpg\" alt=\"\" class=\"wp-image-36\" srcset=\"https:\/\/motyka.bobowa.pl\/wp-content\/uploads\/2025\/07\/DSC_3396-2.jpg 683w, https:\/\/motyka.bobowa.pl\/wp-content\/uploads\/2025\/07\/DSC_3396-2-200x300.jpg 200w\" sizes=\"auto, (max-width: 683px) 100vw, 683px\" \/><\/a><\/figure>\n\n\n\n<figure class=\"wp-block-image size-large\"><a href=\"https:\/\/motyka.bobowa.pl\/wp-content\/uploads\/2025\/07\/DSC_3396-3.jpg\"><img loading=\"lazy\" decoding=\"async\" width=\"680\" height=\"1024\" data-id=\"37\" src=\"https:\/\/motyka.bobowa.pl\/wp-content\/uploads\/2025\/07\/DSC_3396-3.jpg\" alt=\"\" class=\"wp-image-37\" srcset=\"https:\/\/motyka.bobowa.pl\/wp-content\/uploads\/2025\/07\/DSC_3396-3.jpg 680w, https:\/\/motyka.bobowa.pl\/wp-content\/uploads\/2025\/07\/DSC_3396-3-199x300.jpg 199w\" sizes=\"auto, (max-width: 680px) 100vw, 680px\" \/><\/a><\/figure>\n\n\n\n<figure class=\"wp-block-image size-large\"><a href=\"https:\/\/motyka.bobowa.pl\/wp-content\/uploads\/2025\/07\/DSC_3396.jpg\"><img loading=\"lazy\" decoding=\"async\" width=\"680\" height=\"1024\" data-id=\"35\" src=\"https:\/\/motyka.bobowa.pl\/wp-content\/uploads\/2025\/07\/DSC_3396.jpg\" alt=\"\" class=\"wp-image-35\" srcset=\"https:\/\/motyka.bobowa.pl\/wp-content\/uploads\/2025\/07\/DSC_3396.jpg 680w, https:\/\/motyka.bobowa.pl\/wp-content\/uploads\/2025\/07\/DSC_3396-199x300.jpg 199w\" sizes=\"auto, (max-width: 680px) 100vw, 680px\" \/><\/a><\/figure>\n\n\n\n<figure class=\"wp-block-image size-large\"><a href=\"https:\/\/motyka.bobowa.pl\/wp-content\/uploads\/2025\/07\/DSC_3393.jpg\"><img loading=\"lazy\" decoding=\"async\" width=\"1024\" height=\"680\" data-id=\"34\" src=\"https:\/\/motyka.bobowa.pl\/wp-content\/uploads\/2025\/07\/DSC_3393.jpg\" alt=\"\" class=\"wp-image-34\" srcset=\"https:\/\/motyka.bobowa.pl\/wp-content\/uploads\/2025\/07\/DSC_3393.jpg 1024w, https:\/\/motyka.bobowa.pl\/wp-content\/uploads\/2025\/07\/DSC_3393-300x199.jpg 300w, https:\/\/motyka.bobowa.pl\/wp-content\/uploads\/2025\/07\/DSC_3393-768x510.jpg 768w\" sizes=\"auto, (max-width: 1024px) 100vw, 1024px\" \/><\/a><\/figure>\n\n\n\n<figure class=\"wp-block-image size-large\"><a href=\"https:\/\/motyka.bobowa.pl\/wp-content\/uploads\/2025\/07\/DSC_3371.jpg\"><img loading=\"lazy\" decoding=\"async\" width=\"680\" height=\"1024\" data-id=\"33\" src=\"https:\/\/motyka.bobowa.pl\/wp-content\/uploads\/2025\/07\/DSC_3371.jpg\" alt=\"\" class=\"wp-image-33\" srcset=\"https:\/\/motyka.bobowa.pl\/wp-content\/uploads\/2025\/07\/DSC_3371.jpg 680w, https:\/\/motyka.bobowa.pl\/wp-content\/uploads\/2025\/07\/DSC_3371-199x300.jpg 199w\" sizes=\"auto, (max-width: 680px) 100vw, 680px\" \/><\/a><\/figure>\n\n\n\n<figure class=\"wp-block-image size-large\"><a href=\"https:\/\/motyka.bobowa.pl\/wp-content\/uploads\/2025\/07\/DSC_3370.jpg\"><img loading=\"lazy\" decoding=\"async\" width=\"680\" height=\"1024\" data-id=\"32\" src=\"https:\/\/motyka.bobowa.pl\/wp-content\/uploads\/2025\/07\/DSC_3370.jpg\" alt=\"\" class=\"wp-image-32\" srcset=\"https:\/\/motyka.bobowa.pl\/wp-content\/uploads\/2025\/07\/DSC_3370.jpg 680w, https:\/\/motyka.bobowa.pl\/wp-content\/uploads\/2025\/07\/DSC_3370-199x300.jpg 199w\" sizes=\"auto, (max-width: 680px) 100vw, 680px\" \/><\/a><\/figure>\n\n\n\n<figure class=\"wp-block-image size-large\"><a href=\"https:\/\/motyka.bobowa.pl\/wp-content\/uploads\/2025\/07\/DSC_3369.jpg\"><img loading=\"lazy\" decoding=\"async\" width=\"680\" height=\"1024\" data-id=\"31\" src=\"https:\/\/motyka.bobowa.pl\/wp-content\/uploads\/2025\/07\/DSC_3369.jpg\" alt=\"\" class=\"wp-image-31\" srcset=\"https:\/\/motyka.bobowa.pl\/wp-content\/uploads\/2025\/07\/DSC_3369.jpg 680w, https:\/\/motyka.bobowa.pl\/wp-content\/uploads\/2025\/07\/DSC_3369-199x300.jpg 199w\" sizes=\"auto, (max-width: 680px) 100vw, 680px\" \/><\/a><\/figure>\n\n\n\n<figure class=\"wp-block-image size-large\"><a href=\"https:\/\/motyka.bobowa.pl\/wp-content\/uploads\/2025\/07\/DSC_3368.jpg\"><img loading=\"lazy\" decoding=\"async\" width=\"1024\" height=\"680\" data-id=\"30\" src=\"https:\/\/motyka.bobowa.pl\/wp-content\/uploads\/2025\/07\/DSC_3368.jpg\" alt=\"\" class=\"wp-image-30\" srcset=\"https:\/\/motyka.bobowa.pl\/wp-content\/uploads\/2025\/07\/DSC_3368.jpg 1024w, https:\/\/motyka.bobowa.pl\/wp-content\/uploads\/2025\/07\/DSC_3368-300x199.jpg 300w, https:\/\/motyka.bobowa.pl\/wp-content\/uploads\/2025\/07\/DSC_3368-768x510.jpg 768w\" sizes=\"auto, (max-width: 1024px) 100vw, 1024px\" \/><\/a><\/figure>\n\n\n\n<figure class=\"wp-block-image size-large\"><a href=\"https:\/\/motyka.bobowa.pl\/wp-content\/uploads\/2025\/07\/DSC_3367.jpg\"><img loading=\"lazy\" decoding=\"async\" width=\"1024\" height=\"680\" data-id=\"29\" src=\"https:\/\/motyka.bobowa.pl\/wp-content\/uploads\/2025\/07\/DSC_3367.jpg\" alt=\"\" class=\"wp-image-29\" srcset=\"https:\/\/motyka.bobowa.pl\/wp-content\/uploads\/2025\/07\/DSC_3367.jpg 1024w, https:\/\/motyka.bobowa.pl\/wp-content\/uploads\/2025\/07\/DSC_3367-300x199.jpg 300w, https:\/\/motyka.bobowa.pl\/wp-content\/uploads\/2025\/07\/DSC_3367-768x510.jpg 768w\" sizes=\"auto, (max-width: 1024px) 100vw, 1024px\" \/><\/a><\/figure>\n\n\n\n<figure class=\"wp-block-image size-large\"><a href=\"https:\/\/motyka.bobowa.pl\/wp-content\/uploads\/2025\/07\/DSC_3366-3.jpg\"><img loading=\"lazy\" decoding=\"async\" width=\"1024\" height=\"680\" data-id=\"28\" src=\"https:\/\/motyka.bobowa.pl\/wp-content\/uploads\/2025\/07\/DSC_3366-3.jpg\" alt=\"\" class=\"wp-image-28\" srcset=\"https:\/\/motyka.bobowa.pl\/wp-content\/uploads\/2025\/07\/DSC_3366-3.jpg 1024w, https:\/\/motyka.bobowa.pl\/wp-content\/uploads\/2025\/07\/DSC_3366-3-300x199.jpg 300w, https:\/\/motyka.bobowa.pl\/wp-content\/uploads\/2025\/07\/DSC_3366-3-768x510.jpg 768w\" sizes=\"auto, (max-width: 1024px) 100vw, 1024px\" \/><\/a><\/figure>\n\n\n\n<figure class=\"wp-block-image size-large\"><a href=\"https:\/\/motyka.bobowa.pl\/wp-content\/uploads\/2025\/07\/DSC_3366.jpg\"><img loading=\"lazy\" decoding=\"async\" width=\"1024\" height=\"680\" data-id=\"26\" src=\"https:\/\/motyka.bobowa.pl\/wp-content\/uploads\/2025\/07\/DSC_3366.jpg\" alt=\"\" class=\"wp-image-26\" srcset=\"https:\/\/motyka.bobowa.pl\/wp-content\/uploads\/2025\/07\/DSC_3366.jpg 1024w, https:\/\/motyka.bobowa.pl\/wp-content\/uploads\/2025\/07\/DSC_3366-300x199.jpg 300w, https:\/\/motyka.bobowa.pl\/wp-content\/uploads\/2025\/07\/DSC_3366-768x510.jpg 768w\" sizes=\"auto, (max-width: 1024px) 100vw, 1024px\" \/><\/a><\/figure>\n\n\n\n<figure class=\"wp-block-image size-large\"><a href=\"https:\/\/motyka.bobowa.pl\/wp-content\/uploads\/2025\/07\/DSC_3366-2.jpg\"><img loading=\"lazy\" decoding=\"async\" width=\"1024\" height=\"680\" data-id=\"27\" src=\"https:\/\/motyka.bobowa.pl\/wp-content\/uploads\/2025\/07\/DSC_3366-2.jpg\" alt=\"\" class=\"wp-image-27\" srcset=\"https:\/\/motyka.bobowa.pl\/wp-content\/uploads\/2025\/07\/DSC_3366-2.jpg 1024w, https:\/\/motyka.bobowa.pl\/wp-content\/uploads\/2025\/07\/DSC_3366-2-300x199.jpg 300w, https:\/\/motyka.bobowa.pl\/wp-content\/uploads\/2025\/07\/DSC_3366-2-768x510.jpg 768w\" sizes=\"auto, (max-width: 1024px) 100vw, 1024px\" \/><\/a><\/figure>\n\n\n\n<figure class=\"wp-block-image size-large\"><a href=\"https:\/\/motyka.bobowa.pl\/wp-content\/uploads\/2025\/07\/DSC_3363.jpg\"><img loading=\"lazy\" decoding=\"async\" width=\"1024\" height=\"680\" data-id=\"25\" src=\"https:\/\/motyka.bobowa.pl\/wp-content\/uploads\/2025\/07\/DSC_3363.jpg\" alt=\"\" class=\"wp-image-25\" srcset=\"https:\/\/motyka.bobowa.pl\/wp-content\/uploads\/2025\/07\/DSC_3363.jpg 1024w, https:\/\/motyka.bobowa.pl\/wp-content\/uploads\/2025\/07\/DSC_3363-300x199.jpg 300w, https:\/\/motyka.bobowa.pl\/wp-content\/uploads\/2025\/07\/DSC_3363-768x510.jpg 768w\" sizes=\"auto, (max-width: 1024px) 100vw, 1024px\" \/><\/a><\/figure>\n\n\n\n<figure class=\"wp-block-image size-large\"><a href=\"https:\/\/motyka.bobowa.pl\/wp-content\/uploads\/2025\/07\/DSC_3362.jpg\"><img loading=\"lazy\" decoding=\"async\" width=\"1024\" height=\"680\" data-id=\"24\" src=\"https:\/\/motyka.bobowa.pl\/wp-content\/uploads\/2025\/07\/DSC_3362.jpg\" alt=\"\" class=\"wp-image-24\" srcset=\"https:\/\/motyka.bobowa.pl\/wp-content\/uploads\/2025\/07\/DSC_3362.jpg 1024w, https:\/\/motyka.bobowa.pl\/wp-content\/uploads\/2025\/07\/DSC_3362-300x199.jpg 300w, https:\/\/motyka.bobowa.pl\/wp-content\/uploads\/2025\/07\/DSC_3362-768x510.jpg 768w\" sizes=\"auto, (max-width: 1024px) 100vw, 1024px\" \/><\/a><\/figure>\n\n\n\n<figure class=\"wp-block-image size-large\"><a href=\"https:\/\/motyka.bobowa.pl\/wp-content\/uploads\/2025\/07\/DSC_3358.jpg\"><img loading=\"lazy\" decoding=\"async\" width=\"1024\" height=\"680\" data-id=\"22\" src=\"https:\/\/motyka.bobowa.pl\/wp-content\/uploads\/2025\/07\/DSC_3358.jpg\" alt=\"\" class=\"wp-image-22\" srcset=\"https:\/\/motyka.bobowa.pl\/wp-content\/uploads\/2025\/07\/DSC_3358.jpg 1024w, https:\/\/motyka.bobowa.pl\/wp-content\/uploads\/2025\/07\/DSC_3358-300x199.jpg 300w, https:\/\/motyka.bobowa.pl\/wp-content\/uploads\/2025\/07\/DSC_3358-768x510.jpg 768w\" sizes=\"auto, (max-width: 1024px) 100vw, 1024px\" \/><\/a><\/figure>\n\n\n\n<figure class=\"wp-block-image size-large\"><a href=\"https:\/\/motyka.bobowa.pl\/wp-content\/uploads\/2025\/07\/DSC_3361.jpg\"><img loading=\"lazy\" decoding=\"async\" width=\"1024\" height=\"680\" data-id=\"23\" src=\"https:\/\/motyka.bobowa.pl\/wp-content\/uploads\/2025\/07\/DSC_3361.jpg\" alt=\"\" class=\"wp-image-23\" srcset=\"https:\/\/motyka.bobowa.pl\/wp-content\/uploads\/2025\/07\/DSC_3361.jpg 1024w, https:\/\/motyka.bobowa.pl\/wp-content\/uploads\/2025\/07\/DSC_3361-300x199.jpg 300w, https:\/\/motyka.bobowa.pl\/wp-content\/uploads\/2025\/07\/DSC_3361-768x510.jpg 768w\" sizes=\"auto, (max-width: 1024px) 100vw, 1024px\" \/><\/a><\/figure>\n\n\n\n<figure class=\"wp-block-image size-large\"><a href=\"https:\/\/motyka.bobowa.pl\/wp-content\/uploads\/2025\/07\/DSC_3357.jpg\"><img loading=\"lazy\" decoding=\"async\" width=\"1024\" height=\"680\" data-id=\"21\" src=\"https:\/\/motyka.bobowa.pl\/wp-content\/uploads\/2025\/07\/DSC_3357.jpg\" alt=\"\" class=\"wp-image-21\" srcset=\"https:\/\/motyka.bobowa.pl\/wp-content\/uploads\/2025\/07\/DSC_3357.jpg 1024w, https:\/\/motyka.bobowa.pl\/wp-content\/uploads\/2025\/07\/DSC_3357-300x199.jpg 300w, https:\/\/motyka.bobowa.pl\/wp-content\/uploads\/2025\/07\/DSC_3357-768x510.jpg 768w\" sizes=\"auto, (max-width: 1024px) 100vw, 1024px\" \/><\/a><\/figure>\n<\/figure>\n<\/div>\n\n\n\n<div class=\"wp-block-group alignfull has-global-padding is-layout-constrained wp-container-core-group-is-layout-d89aad35 wp-block-group-is-layout-constrained\" style=\"margin-top:0;margin-bottom:0;padding-top:var(--wp--preset--spacing--50);padding-right:var(--wp--preset--spacing--50);padding-bottom:var(--wp--preset--spacing--50);padding-left:var(--wp--preset--spacing--50)\">\n<div class=\"wp-block-columns alignwide are-vertically-aligned-center is-layout-flex wp-container-core-columns-is-layout-47c06fe3 wp-block-columns-is-layout-flex\">\n<div class=\"wp-block-column is-vertically-aligned-center is-layout-flow wp-block-column-is-layout-flow\" style=\"flex-basis:50%\">\n<h2 class=\"wp-block-heading\">Zegary rze\u017abione  <\/h2>\n\n\n\n<figure class=\"wp-block-gallery has-nested-images columns-default is-cropped wp-block-gallery-6 is-layout-flex wp-block-gallery-is-layout-flex\"><\/figure>\n<\/div>\n\n\n\n<div class=\"wp-block-column is-vertically-aligned-center is-layout-flow wp-block-column-is-layout-flow\" style=\"flex-basis:50%\">\n<figure class=\"wp-block-image size-full is-style-rounded is-style-rounded--7\"><img loading=\"lazy\" decoding=\"async\" width=\"680\" height=\"1024\" src=\"http:\/\/motyka.bobowa.pl\/wp-content\/uploads\/2025\/07\/DSC_3388.jpg\" alt=\"\" class=\"wp-image-38\" style=\"aspect-ratio:4\/3;object-fit:cover\" srcset=\"https:\/\/motyka.bobowa.pl\/wp-content\/uploads\/2025\/07\/DSC_3388.jpg 680w, https:\/\/motyka.bobowa.pl\/wp-content\/uploads\/2025\/07\/DSC_3388-199x300.jpg 199w\" sizes=\"auto, (max-width: 680px) 100vw, 680px\" \/><\/figure>\n<\/div>\n<\/div>\n<\/div>\n\n\n\n<figure class=\"wp-block-gallery has-nested-images columns-2 is-cropped wp-block-gallery-8 is-layout-flex wp-block-gallery-is-layout-flex\">\n<figure class=\"wp-block-image size-large\"><a href=\"http:\/\/motyka.bobowa.pl\/wp-content\/uploads\/2025\/07\/DSC_3392.jpg\"><img loading=\"lazy\" decoding=\"async\" width=\"680\" height=\"1024\" data-id=\"41\" src=\"http:\/\/motyka.bobowa.pl\/wp-content\/uploads\/2025\/07\/DSC_3392.jpg\" alt=\"\" class=\"wp-image-41\" srcset=\"https:\/\/motyka.bobowa.pl\/wp-content\/uploads\/2025\/07\/DSC_3392.jpg 680w, https:\/\/motyka.bobowa.pl\/wp-content\/uploads\/2025\/07\/DSC_3392-199x300.jpg 199w\" sizes=\"auto, (max-width: 680px) 100vw, 680px\" \/><\/a><\/figure>\n\n\n\n<figure class=\"wp-block-image size-large\"><a href=\"http:\/\/motyka.bobowa.pl\/wp-content\/uploads\/2025\/07\/DSC_3388-2.jpg\"><img loading=\"lazy\" decoding=\"async\" width=\"683\" height=\"1024\" data-id=\"39\" src=\"http:\/\/motyka.bobowa.pl\/wp-content\/uploads\/2025\/07\/DSC_3388-2.jpg\" alt=\"\" class=\"wp-image-39\" srcset=\"https:\/\/motyka.bobowa.pl\/wp-content\/uploads\/2025\/07\/DSC_3388-2.jpg 683w, https:\/\/motyka.bobowa.pl\/wp-content\/uploads\/2025\/07\/DSC_3388-2-200x300.jpg 200w\" sizes=\"auto, (max-width: 683px) 100vw, 683px\" \/><\/a><\/figure>\n\n\n\n<figure class=\"wp-block-image size-large\"><a href=\"http:\/\/motyka.bobowa.pl\/wp-content\/uploads\/2025\/07\/DSC_3390.jpg\"><img loading=\"lazy\" decoding=\"async\" width=\"680\" height=\"1024\" data-id=\"40\" src=\"http:\/\/motyka.bobowa.pl\/wp-content\/uploads\/2025\/07\/DSC_3390.jpg\" alt=\"\" class=\"wp-image-40\" srcset=\"https:\/\/motyka.bobowa.pl\/wp-content\/uploads\/2025\/07\/DSC_3390.jpg 680w, https:\/\/motyka.bobowa.pl\/wp-content\/uploads\/2025\/07\/DSC_3390-199x300.jpg 199w\" sizes=\"auto, (max-width: 680px) 100vw, 680px\" \/><\/a><\/figure>\n\n\n\n<figure class=\"wp-block-image size-large\"><a href=\"http:\/\/motyka.bobowa.pl\/wp-content\/uploads\/2025\/07\/DSC_3388.jpg\"><img loading=\"lazy\" decoding=\"async\" width=\"680\" height=\"1024\" data-id=\"38\" src=\"http:\/\/motyka.bobowa.pl\/wp-content\/uploads\/2025\/07\/DSC_3388.jpg\" alt=\"\" class=\"wp-image-38\" srcset=\"https:\/\/motyka.bobowa.pl\/wp-content\/uploads\/2025\/07\/DSC_3388.jpg 680w, https:\/\/motyka.bobowa.pl\/wp-content\/uploads\/2025\/07\/DSC_3388-199x300.jpg 199w\" sizes=\"auto, (max-width: 680px) 100vw, 680px\" \/><\/a><\/figure>\n<\/figure>\n","protected":false},"excerpt":{"rendered":"<p>Witryna d\u0119bowa z motywami my\u015bliwskimi, witra\u017cami i pod\u015bwietleniem LED Szafki, komody Zegary rze\u017abione<\/p>\n","protected":false},"author":1,"featured_media":0,"parent":0,"menu_order":0,"comment_status":"closed","ping_status":"closed","template":"","meta":{"footnotes":""},"class_list":["post-13","page","type-page","status-publish","hentry"],"_links":{"self":[{"href":"https:\/\/motyka.bobowa.pl\/index.php\/wp-json\/wp\/v2\/pages\/13","targetHints":{"allow":["GET"]}}],"collection":[{"href":"https:\/\/motyka.bobowa.pl\/index.php\/wp-json\/wp\/v2\/pages"}],"about":[{"href":"https:\/\/motyka.bobowa.pl\/index.php\/wp-json\/wp\/v2\/types\/page"}],"author":[{"embeddable":true,"href":"https:\/\/motyka.bobowa.pl\/index.php\/wp-json\/wp\/v2\/users\/1"}],"replies":[{"embeddable":true,"href":"https:\/\/motyka.bobowa.pl\/index.php\/wp-json\/wp\/v2\/comments?post=13"}],"version-history":[{"count":4,"href":"https:\/\/motyka.bobowa.pl\/index.php\/wp-json\/wp\/v2\/pages\/13\/revisions"}],"predecessor-version":[{"id":69,"href":"https:\/\/motyka.bobowa.pl\/index.php\/wp-json\/wp\/v2\/pages\/13\/revisions\/69"}],"wp:attachment":[{"href":"https:\/\/motyka.bobowa.pl\/index.php\/wp-json\/wp\/v2\/media?parent=13"}],"curies":[{"name":"wp","href":"https:\/\/api.w.org\/{rel}","templated":true}]}}