{"id":64,"date":"2025-07-25T12:54:49","date_gmt":"2025-07-25T10:54:49","guid":{"rendered":"http:\/\/motyka.bobowa.pl\/?page_id=64"},"modified":"2025-07-25T12:54:49","modified_gmt":"2025-07-25T10:54:49","slug":"droga-krzyzowa-plaskorzezba","status":"publish","type":"page","link":"https:\/\/motyka.bobowa.pl\/index.php\/droga-krzyzowa-plaskorzezba\/","title":{"rendered":"Droga krzy\u017cowa &#8211; p\u0142askorze\u017aba"},"content":{"rendered":"\n<figure class=\"wp-block-gallery has-nested-images columns-default is-cropped wp-block-gallery-1 is-layout-flex wp-block-gallery-is-layout-flex\">\n<figure class=\"wp-block-image size-large\"><a href=\"http:\/\/motyka.bobowa.pl\/wp-content\/uploads\/2025\/07\/15.jpg\"><img loading=\"lazy\" decoding=\"async\" width=\"531\" height=\"800\" data-id=\"56\" src=\"http:\/\/motyka.bobowa.pl\/wp-content\/uploads\/2025\/07\/15.jpg\" alt=\"\" class=\"wp-image-56\" srcset=\"https:\/\/motyka.bobowa.pl\/wp-content\/uploads\/2025\/07\/15.jpg 531w, https:\/\/motyka.bobowa.pl\/wp-content\/uploads\/2025\/07\/15-199x300.jpg 199w\" sizes=\"auto, (max-width: 531px) 100vw, 531px\" \/><\/a><\/figure>\n\n\n\n<figure class=\"wp-block-image size-large\"><a href=\"http:\/\/motyka.bobowa.pl\/wp-content\/uploads\/2025\/07\/13.jpg\"><img loading=\"lazy\" decoding=\"async\" width=\"531\" height=\"800\" data-id=\"54\" src=\"http:\/\/motyka.bobowa.pl\/wp-content\/uploads\/2025\/07\/13.jpg\" alt=\"\" class=\"wp-image-54\" srcset=\"https:\/\/motyka.bobowa.pl\/wp-content\/uploads\/2025\/07\/13.jpg 531w, https:\/\/motyka.bobowa.pl\/wp-content\/uploads\/2025\/07\/13-199x300.jpg 199w\" sizes=\"auto, (max-width: 531px) 100vw, 531px\" \/><\/a><\/figure>\n\n\n\n<figure class=\"wp-block-image size-large\"><a href=\"http:\/\/motyka.bobowa.pl\/wp-content\/uploads\/2025\/07\/14.jpg\"><img loading=\"lazy\" decoding=\"async\" width=\"531\" height=\"800\" data-id=\"55\" src=\"http:\/\/motyka.bobowa.pl\/wp-content\/uploads\/2025\/07\/14.jpg\" alt=\"\" class=\"wp-image-55\" srcset=\"https:\/\/motyka.bobowa.pl\/wp-content\/uploads\/2025\/07\/14.jpg 531w, https:\/\/motyka.bobowa.pl\/wp-content\/uploads\/2025\/07\/14-199x300.jpg 199w\" sizes=\"auto, (max-width: 531px) 100vw, 531px\" \/><\/a><\/figure>\n\n\n\n<figure class=\"wp-block-image size-large\"><a href=\"http:\/\/motyka.bobowa.pl\/wp-content\/uploads\/2025\/07\/12.jpg\"><img loading=\"lazy\" decoding=\"async\" width=\"531\" height=\"800\" data-id=\"53\" src=\"http:\/\/motyka.bobowa.pl\/wp-content\/uploads\/2025\/07\/12.jpg\" alt=\"\" class=\"wp-image-53\" srcset=\"https:\/\/motyka.bobowa.pl\/wp-content\/uploads\/2025\/07\/12.jpg 531w, https:\/\/motyka.bobowa.pl\/wp-content\/uploads\/2025\/07\/12-199x300.jpg 199w\" sizes=\"auto, (max-width: 531px) 100vw, 531px\" \/><\/a><\/figure>\n\n\n\n<figure class=\"wp-block-image size-large\"><a href=\"http:\/\/motyka.bobowa.pl\/wp-content\/uploads\/2025\/07\/11.jpg\"><img loading=\"lazy\" decoding=\"async\" width=\"531\" height=\"800\" data-id=\"52\" src=\"http:\/\/motyka.bobowa.pl\/wp-content\/uploads\/2025\/07\/11.jpg\" alt=\"\" class=\"wp-image-52\" srcset=\"https:\/\/motyka.bobowa.pl\/wp-content\/uploads\/2025\/07\/11.jpg 531w, https:\/\/motyka.bobowa.pl\/wp-content\/uploads\/2025\/07\/11-199x300.jpg 199w\" sizes=\"auto, (max-width: 531px) 100vw, 531px\" \/><\/a><\/figure>\n\n\n\n<figure class=\"wp-block-image size-large\"><a href=\"http:\/\/motyka.bobowa.pl\/wp-content\/uploads\/2025\/07\/09.jpg\"><img loading=\"lazy\" decoding=\"async\" width=\"531\" height=\"800\" data-id=\"50\" src=\"http:\/\/motyka.bobowa.pl\/wp-content\/uploads\/2025\/07\/09.jpg\" alt=\"\" class=\"wp-image-50\" srcset=\"https:\/\/motyka.bobowa.pl\/wp-content\/uploads\/2025\/07\/09.jpg 531w, https:\/\/motyka.bobowa.pl\/wp-content\/uploads\/2025\/07\/09-199x300.jpg 199w\" sizes=\"auto, (max-width: 531px) 100vw, 531px\" \/><\/a><\/figure>\n\n\n\n<figure class=\"wp-block-image size-large\"><a href=\"http:\/\/motyka.bobowa.pl\/wp-content\/uploads\/2025\/07\/10.jpg\"><img loading=\"lazy\" decoding=\"async\" width=\"531\" height=\"800\" data-id=\"51\" src=\"http:\/\/motyka.bobowa.pl\/wp-content\/uploads\/2025\/07\/10.jpg\" alt=\"\" class=\"wp-image-51\" srcset=\"https:\/\/motyka.bobowa.pl\/wp-content\/uploads\/2025\/07\/10.jpg 531w, https:\/\/motyka.bobowa.pl\/wp-content\/uploads\/2025\/07\/10-199x300.jpg 199w\" sizes=\"auto, (max-width: 531px) 100vw, 531px\" \/><\/a><\/figure>\n\n\n\n<figure class=\"wp-block-image size-large\"><a href=\"http:\/\/motyka.bobowa.pl\/wp-content\/uploads\/2025\/07\/07.jpg\"><img loading=\"lazy\" decoding=\"async\" width=\"531\" height=\"800\" data-id=\"48\" src=\"http:\/\/motyka.bobowa.pl\/wp-content\/uploads\/2025\/07\/07.jpg\" alt=\"\" class=\"wp-image-48\" srcset=\"https:\/\/motyka.bobowa.pl\/wp-content\/uploads\/2025\/07\/07.jpg 531w, https:\/\/motyka.bobowa.pl\/wp-content\/uploads\/2025\/07\/07-199x300.jpg 199w\" sizes=\"auto, (max-width: 531px) 100vw, 531px\" \/><\/a><\/figure>\n\n\n\n<figure class=\"wp-block-image size-large\"><a href=\"http:\/\/motyka.bobowa.pl\/wp-content\/uploads\/2025\/07\/08.jpg\"><img loading=\"lazy\" decoding=\"async\" width=\"531\" height=\"800\" data-id=\"49\" src=\"http:\/\/motyka.bobowa.pl\/wp-content\/uploads\/2025\/07\/08.jpg\" alt=\"\" class=\"wp-image-49\" srcset=\"https:\/\/motyka.bobowa.pl\/wp-content\/uploads\/2025\/07\/08.jpg 531w, https:\/\/motyka.bobowa.pl\/wp-content\/uploads\/2025\/07\/08-199x300.jpg 199w\" sizes=\"auto, (max-width: 531px) 100vw, 531px\" \/><\/a><\/figure>\n\n\n\n<figure class=\"wp-block-image size-large\"><a href=\"http:\/\/motyka.bobowa.pl\/wp-content\/uploads\/2025\/07\/05.jpg\"><img loading=\"lazy\" decoding=\"async\" width=\"531\" height=\"800\" data-id=\"46\" src=\"http:\/\/motyka.bobowa.pl\/wp-content\/uploads\/2025\/07\/05.jpg\" alt=\"\" class=\"wp-image-46\" srcset=\"https:\/\/motyka.bobowa.pl\/wp-content\/uploads\/2025\/07\/05.jpg 531w, https:\/\/motyka.bobowa.pl\/wp-content\/uploads\/2025\/07\/05-199x300.jpg 199w\" sizes=\"auto, (max-width: 531px) 100vw, 531px\" \/><\/a><\/figure>\n\n\n\n<figure class=\"wp-block-image size-large\"><a href=\"http:\/\/motyka.bobowa.pl\/wp-content\/uploads\/2025\/07\/06.jpg\"><img loading=\"lazy\" decoding=\"async\" width=\"531\" height=\"800\" data-id=\"47\" src=\"http:\/\/motyka.bobowa.pl\/wp-content\/uploads\/2025\/07\/06.jpg\" alt=\"\" class=\"wp-image-47\" srcset=\"https:\/\/motyka.bobowa.pl\/wp-content\/uploads\/2025\/07\/06.jpg 531w, https:\/\/motyka.bobowa.pl\/wp-content\/uploads\/2025\/07\/06-199x300.jpg 199w\" sizes=\"auto, (max-width: 531px) 100vw, 531px\" \/><\/a><\/figure>\n\n\n\n<figure class=\"wp-block-image size-large\"><a href=\"http:\/\/motyka.bobowa.pl\/wp-content\/uploads\/2025\/07\/03.jpg\"><img loading=\"lazy\" decoding=\"async\" width=\"531\" height=\"800\" data-id=\"44\" src=\"http:\/\/motyka.bobowa.pl\/wp-content\/uploads\/2025\/07\/03.jpg\" alt=\"\" class=\"wp-image-44\" srcset=\"https:\/\/motyka.bobowa.pl\/wp-content\/uploads\/2025\/07\/03.jpg 531w, https:\/\/motyka.bobowa.pl\/wp-content\/uploads\/2025\/07\/03-199x300.jpg 199w\" sizes=\"auto, (max-width: 531px) 100vw, 531px\" \/><\/a><\/figure>\n\n\n\n<figure class=\"wp-block-image size-large\"><a href=\"http:\/\/motyka.bobowa.pl\/wp-content\/uploads\/2025\/07\/04.jpg\"><img loading=\"lazy\" decoding=\"async\" width=\"531\" height=\"800\" data-id=\"45\" src=\"http:\/\/motyka.bobowa.pl\/wp-content\/uploads\/2025\/07\/04.jpg\" alt=\"\" class=\"wp-image-45\" srcset=\"https:\/\/motyka.bobowa.pl\/wp-content\/uploads\/2025\/07\/04.jpg 531w, https:\/\/motyka.bobowa.pl\/wp-content\/uploads\/2025\/07\/04-199x300.jpg 199w\" sizes=\"auto, (max-width: 531px) 100vw, 531px\" \/><\/a><\/figure>\n\n\n\n<figure class=\"wp-block-image size-large\"><a href=\"http:\/\/motyka.bobowa.pl\/wp-content\/uploads\/2025\/07\/01.jpg\"><img loading=\"lazy\" decoding=\"async\" width=\"531\" height=\"800\" data-id=\"42\" src=\"http:\/\/motyka.bobowa.pl\/wp-content\/uploads\/2025\/07\/01.jpg\" alt=\"\" class=\"wp-image-42\" srcset=\"https:\/\/motyka.bobowa.pl\/wp-content\/uploads\/2025\/07\/01.jpg 531w, https:\/\/motyka.bobowa.pl\/wp-content\/uploads\/2025\/07\/01-199x300.jpg 199w\" sizes=\"auto, (max-width: 531px) 100vw, 531px\" \/><\/a><\/figure>\n\n\n\n<figure class=\"wp-block-image size-large\"><a href=\"http:\/\/motyka.bobowa.pl\/wp-content\/uploads\/2025\/07\/02.jpg\"><img loading=\"lazy\" decoding=\"async\" width=\"531\" height=\"800\" data-id=\"43\" src=\"http:\/\/motyka.bobowa.pl\/wp-content\/uploads\/2025\/07\/02.jpg\" alt=\"\" class=\"wp-image-43\" srcset=\"https:\/\/motyka.bobowa.pl\/wp-content\/uploads\/2025\/07\/02.jpg 531w, https:\/\/motyka.bobowa.pl\/wp-content\/uploads\/2025\/07\/02-199x300.jpg 199w\" sizes=\"auto, (max-width: 531px) 100vw, 531px\" \/><\/a><\/figure>\n<\/figure>\n","protected":false},"excerpt":{"rendered":"","protected":false},"author":1,"featured_media":0,"parent":0,"menu_order":0,"comment_status":"closed","ping_status":"closed","template":"","meta":{"footnotes":""},"class_list":["post-64","page","type-page","status-publish","hentry"],"_links":{"self":[{"href":"https:\/\/motyka.bobowa.pl\/index.php\/wp-json\/wp\/v2\/pages\/64","targetHints":{"allow":["GET"]}}],"collection":[{"href":"https:\/\/motyka.bobowa.pl\/index.php\/wp-json\/wp\/v2\/pages"}],"about":[{"href":"https:\/\/motyka.bobowa.pl\/index.php\/wp-json\/wp\/v2\/types\/page"}],"author":[{"embeddable":true,"href":"https:\/\/motyka.bobowa.pl\/index.php\/wp-json\/wp\/v2\/users\/1"}],"replies":[{"embeddable":true,"href":"https:\/\/motyka.bobowa.pl\/index.php\/wp-json\/wp\/v2\/comments?post=64"}],"version-history":[{"count":1,"href":"https:\/\/motyka.bobowa.pl\/index.php\/wp-json\/wp\/v2\/pages\/64\/revisions"}],"predecessor-version":[{"id":65,"href":"https:\/\/motyka.bobowa.pl\/index.php\/wp-json\/wp\/v2\/pages\/64\/revisions\/65"}],"wp:attachment":[{"href":"https:\/\/motyka.bobowa.pl\/index.php\/wp-json\/wp\/v2\/media?parent=64"}],"curies":[{"name":"wp","href":"https:\/\/api.w.org\/{rel}","templated":true}]}}